{"id":1593,"date":"2021-01-15T18:05:20","date_gmt":"2021-01-15T17:05:20","guid":{"rendered":"https:\/\/galerie-haering.de\/?post_type=product&#038;p=1593"},"modified":"2023-11-24T12:18:39","modified_gmt":"2023-11-24T11:18:39","slug":"westgriechisches-kaennchen","status":"publish","type":"product","link":"https:\/\/galerie-haering.de\/en\/artworks\/westgriechisches-kaennchen\/","title":{"rendered":"Western Greek Jug"},"content":{"rendered":"<p>&nbsp;<\/p>\n<p class=\"p1\"><span class=\"s1\">\u00a0<\/span><\/p>\n<p><span class=\"s3\">\u00a0<\/span><\/p>\n<p>&nbsp;<\/p>\n<p>&nbsp;<\/p>","protected":false},"excerpt":{"rendered":"<p><strong>Apulia, 2nd half 4th century BC<\/strong><\/p>\n<p>&nbsp;<\/p>\n<p>Elegant geformtes K\u00e4nnchen, dessen bauchiger Korpus kontinuierlich in einen schlanken Hals mit kleeblattf\u00f6rmiger M\u00fcndung und hochgezogenem Schlaufenhenkel \u00fcbergeht. Intakt und sehr sch\u00f6n erhalten.<\/p>\n<p>&nbsp;<\/p>\n<p><strong>Dimension:<\/strong> Height:  13,5 cm,  diameter:  8,3 cm<\/p>\n<p><strong>Condition:<\/strong> Intact and very well preserved.<\/p>\n<p><strong>Provenance:<\/strong> German private collection, acquired 1998 from a Swiss private collection.<\/p>\n<p>&nbsp;<\/p>\n<p>&nbsp;<\/p>","protected":false},"featured_media":1703,"template":"","meta":[],"product_cat":[37],"product_tag":[],"class_list":{"0":"post-1593","1":"product","2":"type-product","3":"status-publish","4":"has-post-thumbnail","6":"product_cat-griechisch","7":"product_shipping_class-fedex-02kg","9":"first","10":"outofstock","11":"sold-individually","12":"taxable","13":"shipping-taxable","14":"product-type-simple"},"_links":{"self":[{"href":"https:\/\/galerie-haering.de\/en\/wp-json\/wp\/v2\/product\/1593"}],"collection":[{"href":"https:\/\/galerie-haering.de\/en\/wp-json\/wp\/v2\/product"}],"about":[{"href":"https:\/\/galerie-haering.de\/en\/wp-json\/wp\/v2\/types\/product"}],"wp:featuredmedia":[{"embeddable":true,"href":"https:\/\/galerie-haering.de\/en\/wp-json\/wp\/v2\/media\/1703"}],"wp:attachment":[{"href":"https:\/\/galerie-haering.de\/en\/wp-json\/wp\/v2\/media?parent=1593"}],"wp:term":[{"taxonomy":"product_cat","embeddable":true,"href":"https:\/\/galerie-haering.de\/en\/wp-json\/wp\/v2\/product_cat?post=1593"},{"taxonomy":"product_tag","embeddable":true,"href":"https:\/\/galerie-haering.de\/en\/wp-json\/wp\/v2\/product_tag?post=1593"}],"curies":[{"name":"wp","href":"https:\/\/api.w.org\/{rel}","templated":true}]}}