{"id":3816,"date":"2024-09-09T16:39:56","date_gmt":"2024-09-09T15:39:56","guid":{"rendered":"https:\/\/galerie-haering.de\/?post_type=product&#038;p=3816"},"modified":"2024-09-09T16:46:34","modified_gmt":"2024-09-09T15:46:34","slug":"mykenisches-alabastron","status":"publish","type":"product","link":"https:\/\/galerie-haering.de\/en\/artworks\/mykenisches-alabastron\/","title":{"rendered":"Mycenaean Alabastron"},"content":{"rendered":"<p>&nbsp;<\/p>\n<p class=\"p1\"><span class=\"s1\">\u00a0<\/span><\/p>\n<p><span class=\"s3\">\u00a0<\/span><\/p>\n<p>&nbsp;<\/p>\n<p>&nbsp;<\/p>","protected":false},"excerpt":{"rendered":"<p><strong>LH II A\/B  1450 \u2013 1400  BC.<\/strong><\/p>\n<p>&nbsp;<\/p>\n<p>Orange-red clay with cream-colored engobe and painted in a glossy red-brown tone.  Circular, biconvex body with a wide opening bordered by a narrow lip. Three small eyelet handles on the shoulder. Red-brown decoration of the \u201cwavy terrain\u201d type on the lower shoulder area. Concentric rings on the underside.<\/p>\n<p>Cf: British Museum, inv. no. 1898.1231.25; Hans G\u00fcnter Buchholz - Vassos Karageorghis, Alt\u00e4g\u00e4is und Altkypros, T\u00fcbingen 1971, no. 953.<\/p>\n<p>&nbsp;<\/p>\n<p>&nbsp;<\/p>\n<p><strong>Dimension:\u00a0<\/strong>height: 6,2 cm, diameter: 13,3 cm<\/p>\n<p><strong>Condition:\u00a0<\/strong>Intact and with fresh colors, some root marks on the bottom.<\/p>\n<p><strong>Provenance:\u00a0<\/strong>German private collection, acquired 1981 in the Art Trade.<\/p>\n<p>&nbsp;<\/p>","protected":false},"featured_media":3817,"template":"","meta":[],"product_cat":[37],"product_tag":[],"class_list":{"0":"post-3816","1":"product","2":"type-product","3":"status-publish","4":"has-post-thumbnail","6":"product_cat-griechisch","7":"product_shipping_class-fedex-02kg","9":"first","10":"instock","11":"sold-individually","12":"taxable","13":"shipping-taxable","14":"purchasable","15":"product-type-simple"},"_links":{"self":[{"href":"https:\/\/galerie-haering.de\/en\/wp-json\/wp\/v2\/product\/3816"}],"collection":[{"href":"https:\/\/galerie-haering.de\/en\/wp-json\/wp\/v2\/product"}],"about":[{"href":"https:\/\/galerie-haering.de\/en\/wp-json\/wp\/v2\/types\/product"}],"wp:featuredmedia":[{"embeddable":true,"href":"https:\/\/galerie-haering.de\/en\/wp-json\/wp\/v2\/media\/3817"}],"wp:attachment":[{"href":"https:\/\/galerie-haering.de\/en\/wp-json\/wp\/v2\/media?parent=3816"}],"wp:term":[{"taxonomy":"product_cat","embeddable":true,"href":"https:\/\/galerie-haering.de\/en\/wp-json\/wp\/v2\/product_cat?post=3816"},{"taxonomy":"product_tag","embeddable":true,"href":"https:\/\/galerie-haering.de\/en\/wp-json\/wp\/v2\/product_tag?post=3816"}],"curies":[{"name":"wp","href":"https:\/\/api.w.org\/{rel}","templated":true}]}}